{"id":188,"date":"2015-01-21T15:36:32","date_gmt":"2015-01-21T15:36:32","guid":{"rendered":"http:\/\/www.direito.up.pt\/geea\/?page_id=188"},"modified":"2015-04-21T15:00:53","modified_gmt":"2015-04-21T15:00:53","slug":"contacto-com-escolas","status":"publish","type":"page","link":"https:\/\/www.direito.up.pt\/geea\/?page_id=188","title":{"rendered":"Contacto com escolas"},"content":{"rendered":"<p>&nbsp;<\/p>\n<p>O Contacto com as escolas tem como finalidade refor\u00e7ar\u00a0a rela\u00e7\u00e3o da FDUP com as escolas do ensino secund\u00e1rio, proporcionar um contacto direto com a forma\u00e7\u00e3o ministrada na FDUP e\u00a0promover o esclarecimento vocacional dos respectivos estudantes contribuindo assim para a escolha de uma forma\u00e7\u00e3o superior fundamentada.<\/p>\n<p>&nbsp;<\/p>\n<p style=\"text-align: justify;\">Neste dom\u00ednio desenvolvemos varias atividades:<\/p>\n<h2 style=\"text-align: justify;\"><span style=\"color: #c41212;\">Participa\u00e7\u00e3o na Edi\u00e7\u00e3o anual da Mostra da UP<\/span><\/h2>\n<p><span style=\"color: #c41212;\">ver mais em\u00a0<a style=\"color: #c41212;\" title=\"http:\/\/www.mostra.up.pt\" href=\"http:\/\/www.mostra.up.pt\">http:\/\/www.mostra.up.pt<\/a><\/span><\/p>\n<div id=\"metaslider-id-298\" style=\"max-width: 700px;\" class=\"ml-slider-3-102-0 metaslider metaslider-flex metaslider-298 ml-slider has-dots-nav ms-theme-default\" role=\"region\" aria-label=\"escolas\" data-height=\"300\" data-width=\"700\">\n    <div id=\"metaslider_container_298\">\n        <div id=\"metaslider_298\">\n            <ul class='slides'>\n                <li style=\"display: block; width: 100%;\" class=\"slide-299 ms-image \" aria-roledescription=\"slide\" data-date=\"2015-03-23 10:07:21\" data-slide-type=\"image\"><img fetchpriority=\"high\" decoding=\"async\" src=\"https:\/\/www.direito.up.pt\/geea\/wp-content\/uploads\/2015\/03\/1597678_811439422216634_2103285447_o-700x300.jpg\" height=\"300\" width=\"700\" alt=\"\" class=\"slider-298 slide-299 msDefaultImage\" \/><div class=\"caption-wrap\"><div class=\"caption\">Representacao da FDUP em Escolas<\/div><\/div><\/li>\n                <li style=\"display: none; width: 100%;\" class=\"slide-300 ms-image \" aria-roledescription=\"slide\" data-date=\"2015-03-23 10:07:23\" data-slide-type=\"image\"><img decoding=\"async\" src=\"https:\/\/www.direito.up.pt\/geea\/wp-content\/uploads\/2015\/03\/1623571_811588038868439_1715119642_n-700x300.jpg\" height=\"300\" width=\"700\" alt=\"\" class=\"slider-298 slide-300 msDefaultImage\" \/><div class=\"caption-wrap\"><div class=\"caption\">Representacao da FDUP em Escolas<\/div><\/div><\/li>\n                <li style=\"display: none; width: 100%;\" class=\"slide-301 ms-image \" aria-roledescription=\"slide\" data-date=\"2015-03-23 10:07:24\" data-slide-type=\"image\"><img decoding=\"async\" src=\"https:\/\/www.direito.up.pt\/geea\/wp-content\/uploads\/2015\/03\/11054350_1069355823091658_2850745264210847086_n-700x300.jpg\" height=\"300\" width=\"700\" alt=\"\" class=\"slider-298 slide-301 msDefaultImage\" \/><div class=\"caption-wrap\"><div class=\"caption\">13a Mostra da UP - FDUP<\/div><\/div><\/li>\n                <li style=\"display: none; width: 100%;\" class=\"slide-302 ms-image \" aria-roledescription=\"slide\" data-date=\"2015-03-23 10:07:25\" data-slide-type=\"image\"><img loading=\"lazy\" decoding=\"async\" src=\"https:\/\/www.direito.up.pt\/geea\/wp-content\/uploads\/2015\/03\/10544321_1069442873082953_5861969446927113379_n-700x300.jpg\" height=\"300\" width=\"700\" alt=\"\" class=\"slider-298 slide-302 msDefaultImage\" \/><div class=\"caption-wrap\"><div class=\"caption\">Simulacao de Julgamento<\/div><\/div><\/li>\n                <li style=\"display: none; width: 100%;\" class=\"slide-303 ms-image \" aria-roledescription=\"slide\" data-date=\"2015-03-23 10:07:26\" data-slide-type=\"image\"><img loading=\"lazy\" decoding=\"async\" src=\"https:\/\/www.direito.up.pt\/geea\/wp-content\/uploads\/2015\/03\/11057331_1069442916416282_1013410938828863917_n-700x300.jpg\" height=\"300\" width=\"700\" alt=\"\" class=\"slider-298 slide-303 msDefaultImage\" \/><div class=\"caption-wrap\"><div class=\"caption\">Simulacao de Julgamento<\/div><\/div><\/li>\n                <li style=\"display: none; width: 100%;\" class=\"slide-304 ms-image \" aria-roledescription=\"slide\" data-date=\"2015-03-23 10:07:27\" data-slide-type=\"image\"><img loading=\"lazy\" decoding=\"async\" src=\"https:\/\/www.direito.up.pt\/geea\/wp-content\/uploads\/2015\/03\/10982411_1069442946416279_5343419034080859624_n-700x300.jpg\" height=\"300\" width=\"700\" alt=\"\" class=\"slider-298 slide-304 msDefaultImage\" \/><div class=\"caption-wrap\"><div class=\"caption\">Simulacao de Julgamento<\/div><\/div><\/li>\n                <li style=\"display: none; width: 100%;\" class=\"slide-305 ms-image \" aria-roledescription=\"slide\" data-date=\"2015-03-23 10:07:28\" data-slide-type=\"image\"><img loading=\"lazy\" decoding=\"async\" src=\"https:\/\/www.direito.up.pt\/geea\/wp-content\/uploads\/2015\/03\/11060962_1070205146340059_979953248876807836_n-700x300.jpg\" height=\"300\" width=\"700\" alt=\"\" class=\"slider-298 slide-305 msDefaultImage\" \/><div class=\"caption-wrap\"><div class=\"caption\">Simulacao de Julgamento<\/div><\/div><\/li>\n                <li style=\"display: none; width: 100%;\" class=\"slide-306 ms-image \" aria-roledescription=\"slide\" data-date=\"2015-03-23 10:07:29\" data-slide-type=\"image\"><img loading=\"lazy\" decoding=\"async\" src=\"https:\/\/www.direito.up.pt\/geea\/wp-content\/uploads\/2015\/03\/10930879_1070205186340055_6324109175723652280_n-700x300.jpg\" height=\"300\" width=\"700\" alt=\"\" class=\"slider-298 slide-306 msDefaultImage\" \/><div class=\"caption-wrap\"><div class=\"caption\">Simulacao de Julgamento<\/div><\/div><\/li>\n                <li style=\"display: none; width: 100%;\" class=\"slide-307 ms-image \" aria-roledescription=\"slide\" data-date=\"2015-03-23 10:07:30\" data-slide-type=\"image\"><img loading=\"lazy\" decoding=\"async\" src=\"https:\/\/www.direito.up.pt\/geea\/wp-content\/uploads\/2015\/03\/10168230_1070205203006720_2567268945127112216_n-700x300.jpg\" height=\"300\" width=\"700\" alt=\"\" class=\"slider-298 slide-307 msDefaultImage\" \/><div class=\"caption-wrap\"><div class=\"caption\">Simulacao de Julgamento<\/div><\/div><\/li>\n                <li style=\"display: none; width: 100%;\" class=\"slide-308 ms-image \" aria-roledescription=\"slide\" data-date=\"2015-03-23 10:07:31\" data-slide-type=\"image\"><img loading=\"lazy\" decoding=\"async\" src=\"https:\/\/www.direito.up.pt\/geea\/wp-content\/uploads\/2015\/03\/10394079_1070205243006716_1743822600033077531_n-700x300.jpg\" height=\"300\" width=\"700\" alt=\"\" class=\"slider-298 slide-308 msDefaultImage\" \/><div class=\"caption-wrap\"><div class=\"caption\">Alumni na Mostra da UP<\/div><\/div><\/li>\n                <li style=\"display: none; width: 100%;\" class=\"slide-309 ms-image \" aria-roledescription=\"slide\" data-date=\"2015-03-23 10:07:32\" data-slide-type=\"image\"><img loading=\"lazy\" decoding=\"async\" src=\"https:\/\/www.direito.up.pt\/geea\/wp-content\/uploads\/2015\/03\/10351008_1070205283006712_2585756926259968692_n-700x300.jpg\" height=\"300\" width=\"700\" alt=\"\" class=\"slider-298 slide-309 msDefaultImage\" \/><div class=\"caption-wrap\"><div class=\"caption\">Alumni na Mostra da UP<\/div><\/div><\/li>\n                <li style=\"display: none; width: 100%;\" class=\"slide-310 ms-image \" aria-roledescription=\"slide\" data-date=\"2015-03-23 10:07:33\" data-slide-type=\"image\"><img loading=\"lazy\" decoding=\"async\" src=\"https:\/\/www.direito.up.pt\/geea\/wp-content\/uploads\/2015\/03\/11046867_1070217923005448_6238220002810962745_n-700x300.jpg\" height=\"300\" width=\"700\" alt=\"\" class=\"slider-298 slide-310 msDefaultImage\" \/><div class=\"caption-wrap\"><div class=\"caption\">13a Mostra da UP<\/div><\/div><\/li>\n                <li style=\"display: none; width: 100%;\" class=\"slide-311 ms-image \" aria-roledescription=\"slide\" data-date=\"2015-03-23 10:07:34\" data-slide-type=\"image\"><img loading=\"lazy\" decoding=\"async\" src=\"https:\/\/www.direito.up.pt\/geea\/wp-content\/uploads\/2015\/03\/1610894_1070982829595624_3226883107502714010_n-700x300.jpg\" height=\"300\" width=\"700\" alt=\"\" class=\"slider-298 slide-311 msDefaultImage\" \/><div class=\"caption-wrap\"><div class=\"caption\">13a Mostra da UP<\/div><\/div><\/li>\n                <li style=\"display: none; width: 100%;\" class=\"slide-312 ms-image \" aria-roledescription=\"slide\" data-date=\"2015-03-23 10:07:35\" data-slide-type=\"image\"><img loading=\"lazy\" decoding=\"async\" src=\"https:\/\/www.direito.up.pt\/geea\/wp-content\/uploads\/2015\/03\/11080916_1073577049336202_3413840693105565803_n-700x300.jpg\" height=\"300\" width=\"700\" alt=\"\" class=\"slider-298 slide-312 msDefaultImage\" \/><div class=\"caption-wrap\"><div class=\"caption\">Representacao da FDUP em escolas<\/div><\/div><\/li>\n                <li style=\"display: none; width: 100%;\" class=\"slide-313 ms-image \" aria-roledescription=\"slide\" data-date=\"2015-03-23 10:07:36\" data-slide-type=\"image\"><img loading=\"lazy\" decoding=\"async\" src=\"https:\/\/www.direito.up.pt\/geea\/wp-content\/uploads\/2015\/03\/11082649_1073578239336083_1297201193666627681_n-700x300.jpg\" height=\"300\" width=\"700\" alt=\"\" class=\"slider-298 slide-313 msDefaultImage\" \/><div class=\"caption-wrap\"><div class=\"caption\">Representacao da FDUP em escolas<\/div><\/div><\/li>\n                <li style=\"display: none; width: 100%;\" class=\"slide-224 ms-image \" aria-roledescription=\"slide\" data-date=\"2015-02-10 18:27:17\" data-slide-type=\"image\"><img loading=\"lazy\" decoding=\"async\" src=\"https:\/\/www.direito.up.pt\/geea\/wp-content\/uploads\/2014\/12\/cropped-cropped-314157_377593752281439_1526268102_n1-700x300.jpg\" height=\"300\" width=\"700\" alt=\"\" class=\"slider-298 slide-224 msDefaultImage\" \/><div class=\"caption-wrap\"><div class=\"caption\">FDUP<\/div><\/div><\/li>\n            <\/ul>\n        <\/div>\n        \n    <\/div>\n<\/div>\n<p style=\"text-align: left;\">Video Promocional da Mostra da UP<\/p>\n<p>&nbsp;<\/p>\n<div style=\"width: 640px;\" class=\"wp-video\"><!--[if lt IE 9]><script>document.createElement('video');<\/script><![endif]-->\n<video class=\"wp-video-shortcode\" id=\"video-188-1\" width=\"640\" height=\"360\" preload=\"metadata\" controls=\"controls\"><source type=\"video\/mp4\" src=\"http:\/\/tv.up.pt\/uploads\/video\/video_url\/2825\/file.mp4?_=1\" \/><a href=\"http:\/\/tv.up.pt\/uploads\/video\/video_url\/2825\/file.mp4\">http:\/\/tv.up.pt\/uploads\/video\/video_url\/2825\/file.mp4<\/a><\/video><\/div>\n<h2><\/h2>\n<h2><span style=\"color: #c41212;\">Dias Abertos da FDUP<\/span><\/h2>\n<h2><\/h2>\n<p><!-- Place this tag in your head or just before your close body tag. --><br \/>\n<script src=\"https:\/\/apis.google.com\/js\/plusone.js\" type=\"text\/javascript\"><\/script><\/p>\n<p><!-- Place this tag where you want the widget to render. --><\/p>\n<div class=\"g-post\" data-href=\"https:\/\/plus.google.com\/111472117352188301129\/posts\/6F64Btnorv9\"><\/div>\n<p style=\"text-align: justify;\">Caso pretenda obter informa\u00e7\u00f5es acerca dos Dias Abertos e Visitas de estudo consulte o site da FDUP (<a title=\"www.direito.up.pt\" href=\"www.direito.up.pt\">www.direito.up.pt<\/a>) ou contacte-nos:<\/p>\n<p style=\"text-align: justify;\">222041670<\/p>\n<p style=\"text-align: justify;\">geea@direito.up.pt<\/p>\n","protected":false},"excerpt":{"rendered":"<p>&nbsp; O Contacto com as escolas tem como finalidade refor\u00e7ar\u00a0a rela\u00e7\u00e3o da FDUP com as escolas do ensino secund\u00e1rio, proporcionar um contacto direto com a forma\u00e7\u00e3o ministrada na FDUP e\u00a0promover o esclarecimento vocacional dos respectivos estudantes contribuindo assim para a escolha de uma forma\u00e7\u00e3o superior fundamentada. &nbsp; Neste dom\u00ednio desenvolvemos varias atividades: Participa\u00e7\u00e3o na Edi\u00e7\u00e3o [&hellip;]<\/p>\n","protected":false},"author":1,"featured_media":242,"parent":0,"menu_order":0,"comment_status":"closed","ping_status":"closed","template":"","meta":{"footnotes":"","_links_to":"","_links_to_target":""},"class_list":["post-188","page","type-page","status-publish","has-post-thumbnail","hentry"],"_links":{"self":[{"href":"https:\/\/www.direito.up.pt\/geea\/index.php?rest_route=\/wp\/v2\/pages\/188","targetHints":{"allow":["GET"]}}],"collection":[{"href":"https:\/\/www.direito.up.pt\/geea\/index.php?rest_route=\/wp\/v2\/pages"}],"about":[{"href":"https:\/\/www.direito.up.pt\/geea\/index.php?rest_route=\/wp\/v2\/types\/page"}],"author":[{"embeddable":true,"href":"https:\/\/www.direito.up.pt\/geea\/index.php?rest_route=\/wp\/v2\/users\/1"}],"replies":[{"embeddable":true,"href":"https:\/\/www.direito.up.pt\/geea\/index.php?rest_route=%2Fwp%2Fv2%2Fcomments&post=188"}],"version-history":[{"count":29,"href":"https:\/\/www.direito.up.pt\/geea\/index.php?rest_route=\/wp\/v2\/pages\/188\/revisions"}],"predecessor-version":[{"id":452,"href":"https:\/\/www.direito.up.pt\/geea\/index.php?rest_route=\/wp\/v2\/pages\/188\/revisions\/452"}],"wp:featuredmedia":[{"embeddable":true,"href":"https:\/\/www.direito.up.pt\/geea\/index.php?rest_route=\/wp\/v2\/media\/242"}],"wp:attachment":[{"href":"https:\/\/www.direito.up.pt\/geea\/index.php?rest_route=%2Fwp%2Fv2%2Fmedia&parent=188"}],"curies":[{"name":"wp","href":"https:\/\/api.w.org\/{rel}","templated":true}]}}