{"id":401,"date":"2015-04-07T15:56:14","date_gmt":"2015-04-07T15:56:14","guid":{"rendered":"http:\/\/www.direito.up.pt\/geea\/?page_id=401"},"modified":"2015-06-22T11:04:45","modified_gmt":"2015-06-22T11:04:45","slug":"orientacao-profissional-e-gestao-de-carreira","status":"publish","type":"page","link":"https:\/\/www.direito.up.pt\/geea\/?page_id=401","title":{"rendered":"Orienta\u00e7\u00e3o Profissional e Gest\u00e3o de Carreira"},"content":{"rendered":"<div class=\"entry clearfix\">\n<p style=\"text-align: left;\">Tem como finalidade apoiar os graduados na constru\u00e7\u00e3o de projetos profissionais e defini\u00e7\u00e3o do plano de carreira. Este servi\u00e7o interv\u00e9m especificamente nos seguintes dom\u00ednios:<\/p>\n<ul style=\"text-align: left;\">\n<li>An\u00e1lise e reflex\u00e3o sobre as compet\u00eancias e caracter\u00edsticas do estudante\/graduado\u00a0e a melhor adequa\u00e7\u00e3o \u00e1s diferentes sa\u00eddas profissionais dos cursos;*<\/li>\n<li>Informa\u00e7\u00e3o sobre as sa\u00eddas profissionais e percursos de carreira;<\/li>\n<li>Mudan\u00e7a de emprego e (re)defini\u00e7\u00e3o de objetivos\/projetos profissionais<\/li>\n<li>Prepara\u00e7\u00e3o para entrevistas de emprego;<\/li>\n<li>Apoio em dilemas face a propostas profissionais;<\/li>\n<li>Estrat\u00e9gias de procura de emprego, consultoria na constru\u00e7\u00e3o de CV\u00b4s e cartas de apresenta\u00e7\u00e3o.<\/li>\n<\/ul>\n<p>&nbsp;<\/p>\n<p>* A Orienta\u00e7\u00e3o profissional\/gest\u00e3o de carreiras \u00e9 realizada atrav\u00e9s de sess\u00f5es de car\u00e1cter individual e pautadas por total confidencialidade.<\/p>\n<hr \/>\n<p>Para usufruir do servi\u00e7o dever\u00e1 marcar previamente atrav\u00e9s de: geea@direito.up.pt<\/p>\n<\/div>\n","protected":false},"excerpt":{"rendered":"<p>Tem como finalidade apoiar os graduados na constru\u00e7\u00e3o de projetos profissionais e defini\u00e7\u00e3o do plano de carreira. Este servi\u00e7o interv\u00e9m especificamente nos seguintes dom\u00ednios: An\u00e1lise e reflex\u00e3o sobre as compet\u00eancias e caracter\u00edsticas do estudante\/graduado\u00a0e a melhor adequa\u00e7\u00e3o \u00e1s diferentes sa\u00eddas profissionais dos cursos;* Informa\u00e7\u00e3o sobre as sa\u00eddas profissionais e percursos de carreira; Mudan\u00e7a de emprego [&hellip;]<\/p>\n","protected":false},"author":1,"featured_media":61,"parent":0,"menu_order":0,"comment_status":"closed","ping_status":"closed","template":"","meta":{"footnotes":"","_links_to":"","_links_to_target":""},"class_list":["post-401","page","type-page","status-publish","has-post-thumbnail","hentry"],"_links":{"self":[{"href":"https:\/\/www.direito.up.pt\/geea\/index.php?rest_route=\/wp\/v2\/pages\/401","targetHints":{"allow":["GET"]}}],"collection":[{"href":"https:\/\/www.direito.up.pt\/geea\/index.php?rest_route=\/wp\/v2\/pages"}],"about":[{"href":"https:\/\/www.direito.up.pt\/geea\/index.php?rest_route=\/wp\/v2\/types\/page"}],"author":[{"embeddable":true,"href":"https:\/\/www.direito.up.pt\/geea\/index.php?rest_route=\/wp\/v2\/users\/1"}],"replies":[{"embeddable":true,"href":"https:\/\/www.direito.up.pt\/geea\/index.php?rest_route=%2Fwp%2Fv2%2Fcomments&post=401"}],"version-history":[{"count":15,"href":"https:\/\/www.direito.up.pt\/geea\/index.php?rest_route=\/wp\/v2\/pages\/401\/revisions"}],"predecessor-version":[{"id":465,"href":"https:\/\/www.direito.up.pt\/geea\/index.php?rest_route=\/wp\/v2\/pages\/401\/revisions\/465"}],"wp:featuredmedia":[{"embeddable":true,"href":"https:\/\/www.direito.up.pt\/geea\/index.php?rest_route=\/wp\/v2\/media\/61"}],"wp:attachment":[{"href":"https:\/\/www.direito.up.pt\/geea\/index.php?rest_route=%2Fwp%2Fv2%2Fmedia&parent=401"}],"curies":[{"name":"wp","href":"https:\/\/api.w.org\/{rel}","templated":true}]}}