{"id":73,"date":"2014-12-12T19:34:29","date_gmt":"2014-12-12T19:34:29","guid":{"rendered":"http:\/\/www.direito.up.pt\/geea\/?page_id=73"},"modified":"2015-04-07T16:32:38","modified_gmt":"2015-04-07T16:32:38","slug":"apoio-a-alunos-com-nee","status":"publish","type":"page","link":"https:\/\/www.direito.up.pt\/geea\/?page_id=73","title":{"rendered":"Apoio a alunos com NEE"},"content":{"rendered":"<p>Visa apoiar estudantes que possuam alguma necessidade educativa especial, atrav\u00e9s da do apoio na concretiza\u00e7\u00e3o dos seus objectivos acad\u00e9micos e profissionais, bem como na promo\u00e7\u00e3o da sua adequada adapta\u00e7\u00e3o acad\u00e9mica e profissional.<\/p>\n<p><strong>Trabalhamos ao n\u00edvel de:<\/strong><\/p>\n<ul>\n<li>Dificuldades acad\u00e9micas;<\/li>\n<li>Dificuldade de adapta\u00e7\u00e3o \u00e0 Faculdade;<\/li>\n<li>Apoio ao n\u00edvel das acessibilidades\/mobilidade;<\/li>\n<li>Parceria com o <a href=\"http:\/\/sdi.letras.up.pt\/default.aspx?pg=saedup.ascx&amp;m=11\" target=\"_new\">Servi\u00e7o de Apoio ao Estudante c\/ Defici\u00eancia da UP<\/a>;<\/li>\n<li>outros&#8230;<\/li>\n<\/ul>\n<p>&nbsp;<\/p>\n<p>Para mais informa\u00e7\u00e3o contacte o Gabinete do Estudante, Empregabilidade e Alumni<\/p>\n","protected":false},"excerpt":{"rendered":"<p>Visa apoiar estudantes que possuam alguma necessidade educativa especial, atrav\u00e9s da do apoio na concretiza\u00e7\u00e3o dos seus objectivos acad\u00e9micos e profissionais, bem como na promo\u00e7\u00e3o da sua adequada adapta\u00e7\u00e3o acad\u00e9mica e profissional. Trabalhamos ao n\u00edvel de: Dificuldades acad\u00e9micas; Dificuldade de adapta\u00e7\u00e3o \u00e0 Faculdade; Apoio ao n\u00edvel das acessibilidades\/mobilidade; Parceria com o Servi\u00e7o de Apoio ao [&hellip;]<\/p>\n","protected":false},"author":1,"featured_media":68,"parent":0,"menu_order":0,"comment_status":"closed","ping_status":"closed","template":"","meta":{"footnotes":"","_links_to":"","_links_to_target":""},"class_list":["post-73","page","type-page","status-publish","has-post-thumbnail","hentry"],"_links":{"self":[{"href":"https:\/\/www.direito.up.pt\/geea\/index.php?rest_route=\/wp\/v2\/pages\/73","targetHints":{"allow":["GET"]}}],"collection":[{"href":"https:\/\/www.direito.up.pt\/geea\/index.php?rest_route=\/wp\/v2\/pages"}],"about":[{"href":"https:\/\/www.direito.up.pt\/geea\/index.php?rest_route=\/wp\/v2\/types\/page"}],"author":[{"embeddable":true,"href":"https:\/\/www.direito.up.pt\/geea\/index.php?rest_route=\/wp\/v2\/users\/1"}],"replies":[{"embeddable":true,"href":"https:\/\/www.direito.up.pt\/geea\/index.php?rest_route=%2Fwp%2Fv2%2Fcomments&post=73"}],"version-history":[{"count":4,"href":"https:\/\/www.direito.up.pt\/geea\/index.php?rest_route=\/wp\/v2\/pages\/73\/revisions"}],"predecessor-version":[{"id":421,"href":"https:\/\/www.direito.up.pt\/geea\/index.php?rest_route=\/wp\/v2\/pages\/73\/revisions\/421"}],"wp:featuredmedia":[{"embeddable":true,"href":"https:\/\/www.direito.up.pt\/geea\/index.php?rest_route=\/wp\/v2\/media\/68"}],"wp:attachment":[{"href":"https:\/\/www.direito.up.pt\/geea\/index.php?rest_route=%2Fwp%2Fv2%2Fmedia&parent=73"}],"curies":[{"name":"wp","href":"https:\/\/api.w.org\/{rel}","templated":true}]}}